{"id":5,"date":"2011-09-23T15:15:41","date_gmt":"2011-09-23T15:15:41","guid":{"rendered":"http:\/\/rttheme15.templatemints.com\/?page_id=5"},"modified":"2021-10-19T10:26:37","modified_gmt":"2021-10-19T10:26:37","slug":"nicola-bonacini","status":"publish","type":"page","link":"https:\/\/nicolabonacini.com\/en\/nicola-bonacini\/","title":{"rendered":"Nicola Bonacini"},"content":{"rendered":"<\/p>\n<p>Quando molti anni fa iniziai un percorso di psicoterapia portavo con me tutte le normali paure e curiosit\u00e0 di chi si avvicina a questo mondo per la prima volta senza conoscerlo.<br \/>Servir\u00e0 davvero? Di cosa si tratter\u00e0? Mi domandavo. Gi\u00e0 dai primi incontri mi accorsi che il lavoro dava frutti concreti, e dopo un paio di anni era nata una vera e propria passione.<\/p>\n<p>\n\n\n\n<\/p>\n<p>___<\/p>\n<p>Cos\u00ec, dopo la laurea in Scienze Politico-Sociali, decisi di reiscrivermi all&#8217;Universit\u00e0 fino ad arrivare alla specializzazione in Psicoterapia.<br \/>Alcuni incontri significativi accaduti in questo mio percorso sono avvenuti con professionisti che utilizzavano un approccio a mediazione corporea (oltre al colloquio, lavoro sulla respirazione, rilassamento, espressivit\u00e0 e scioglimento delle contratture muscolari tramite esercizi specifici e di contatto); su tale approccio ho investito molto in termini di formazione personale e, qualora ne ravveda l&#8217;utilit\u00e0, lo impiego anche nel mio<br \/>lavoro.<\/p>\n<p>I principali modelli teorici di riferimento sono 3:<\/p>\n<ul>\n<li>la <a href=\"https:\/\/nicolabonacini.com\/en\/?page_id=9\">Psicoterapia Organismica<\/a><\/li>\n<li>la Biosistemica<\/li>\n<li>la Bioenergetica<\/li>\n<\/ul>\n<p>Per un approfondimento teorico bibliografico di base suggerisco i libri di: Alexander Lowen, Luciano Marchino e Malcom Brown.<\/p>\n<p>La psicoterapia corporea, come tutte le psicoterapie, determina un processo di cambiamento che la persona, intesa nella sua complessit\u00e0 irriducibile e nella sua infinita originalit\u00e0, compie su se stessa. Significa anche\u00a0 ammorbidire e sciogliere lentamente ci\u00f2 che ci portiamo dentro da tempo e che \u00e8 finito in un angolo indurendosi, ma che continua a pungerci un po&#8217; e a volte ci toglie la tranquillit\u00e0.<\/p>\n<p>Lo psicoterapeuta corporeo non lavora direttamente sui sintomi, certo i sintomi sono molto importanti. Fastidiosissimi, ma anche nostri alleati perch\u00e9, come la spia rossa sul cruscotto dell&#8217;auto, ci dicono che c&#8217;\u00e8 qualcosa che non va. Lavorando sul corpo si cerca di ristabilire la circolazione dell&#8217;energia profonda che le difficolt\u00e0 della vita hanno bloccato dentro di noi.<\/p>\n<p>Questo processo porta l&#8217;individuo a percepire il corpo in un modo totalmente nuovo, pi\u00f9 armonioso, migliorando giorno dopo giorno la qualit\u00e0 intima dell&#8217;esistenza. Aumenta il senso di pace e di gusto per la vita e viene pi\u00f9 naturale comprendere ci\u00f2 che \u00e8 buono per noi.<\/p>\n<p>Oggi ricevo nel <a href=\"https:\/\/nicolabonacini.com\/en\/contattami\/\">mio studio di Bologna<\/a>.\u00a0<\/p>\n<p>","protected":false},"excerpt":{"rendered":"<p>Quando molti anni fa iniziai un percorso di psicoterapia portavo con me tutte le normali paure e curiosit\u00e0 di chi si avvicina a questo mondo per la prima volta senza conoscerlo.Servir\u00e0 davvero? Di cosa si tratter\u00e0? Mi domandavo. Gi\u00e0 dai primi incontri mi accorsi che il lavoro dava frutti concreti, e dopo un paio di [&hellip;]<\/p>\n","protected":false},"author":1,"featured_media":0,"parent":0,"menu_order":0,"comment_status":"open","ping_status":"open","template":"","meta":{"footnotes":""},"class_list":["post-5","page","type-page","status-publish","hentry"],"_links":{"self":[{"href":"https:\/\/nicolabonacini.com\/en\/wp-json\/wp\/v2\/pages\/5","targetHints":{"allow":["GET"]}}],"collection":[{"href":"https:\/\/nicolabonacini.com\/en\/wp-json\/wp\/v2\/pages"}],"about":[{"href":"https:\/\/nicolabonacini.com\/en\/wp-json\/wp\/v2\/types\/page"}],"author":[{"embeddable":true,"href":"https:\/\/nicolabonacini.com\/en\/wp-json\/wp\/v2\/users\/1"}],"replies":[{"embeddable":true,"href":"https:\/\/nicolabonacini.com\/en\/wp-json\/wp\/v2\/comments?post=5"}],"version-history":[{"count":14,"href":"https:\/\/nicolabonacini.com\/en\/wp-json\/wp\/v2\/pages\/5\/revisions"}],"predecessor-version":[{"id":1103,"href":"https:\/\/nicolabonacini.com\/en\/wp-json\/wp\/v2\/pages\/5\/revisions\/1103"}],"wp:attachment":[{"href":"https:\/\/nicolabonacini.com\/en\/wp-json\/wp\/v2\/media?parent=5"}],"curies":[{"name":"wp","href":"https:\/\/api.w.org\/{rel}","templated":true}]}}